{"id":979,"date":"2021-12-09T15:27:47","date_gmt":"2021-12-09T15:27:47","guid":{"rendered":"https:\/\/castrotruck.es\/?page_id=979"},"modified":"2023-11-22T11:37:23","modified_gmt":"2023-11-22T11:37:23","slug":"aviso-legal","status":"publish","type":"page","link":"https:\/\/castrotruck.es\/?page_id=979","title":{"rendered":"Aviso legal"},"content":{"rendered":"<p>[et_pb_section fb_built=\u00bb1&#8243; _builder_version=\u00bb4.6.0&#8243; _module_preset=\u00bbdefault\u00bb][et_pb_row _builder_version=\u00bb4.6.0&#8243; _module_preset=\u00bbdefault\u00bb custom_padding=\u00bb22px|||||\u00bb custom_margin=\u00bb|auto||420px||\u00bb][et_pb_column type=\u00bb4_4&#8243; _builder_version=\u00bb4.6.0&#8243; _module_preset=\u00bbdefault\u00bb][et_pb_text _builder_version=\u00bb4.6.0&#8243; _module_preset=\u00bbdefault\u00bb]<\/p>\n<p><strong>AVISO LEGAL <\/strong><strong><em>CASTRO TRUCK SL<\/em><\/strong><\/p>\n<p><strong><\/strong><\/p>\n<p><strong><em>CASTRO TRUCK SL<\/em><\/strong>, responsable del sitio web, facilita a los usuarios del presente sitio web (<strong><span style=\"color: #0c71c3;\"><a href=\"https:\/\/castrotruck.es\/\" style=\"color: #0c71c3;\">https:\/\/castrotruck.es\/<\/a><\/span>)<\/strong> los siguientes datos de informaci\u00f3n general, de acuerdo con el art\u00edculo 10 de la Ley 34\/2002, de 11 de julio, de Servicios de la Sociedad de la Informaci\u00f3n y de Comercio Electr\u00f3nico.<\/p>\n<p><strong><em>CASTRO TRUCK SL<\/em><\/strong> se reserva el derecho de modificar cualquier tipo de informaci\u00f3n que pudiera aparecer en el sitio web, sin que exista obligaci\u00f3n de preavisar o poner en conocimiento de los usuarios dichas obligaciones, entendi\u00e9ndose como suficiente con la publicaci\u00f3n en la p\u00e1gina web de <strong><em>CASTRO TRUCK SL<\/em><\/strong><\/p>\n<p><strong><u>DATOS IDENTIFICATIVOS<\/u><\/strong><\/p>\n<p><strong>Denominaci\u00f3n social:<\/strong> <em>CASTRO TRUCK SL<\/em><\/p>\n<p><strong>N\u00famero de Identificaci\u00f3n Fiscal<\/strong>: B47797279<\/p>\n<p><strong>Domicilio social<\/strong>: <em>Parcela 70. Pol\u00edgono 503 S\/N. 47132 Tordesillas (Valladolid)<\/em><\/p>\n<p><strong>Inscripci\u00f3n en el Registro Mercantil:<\/strong> <em>CASTRO TRUCK SL<\/em><strong> inscrita en el Registro Mercantil de Valladolid , tomo 1549, folio 201, inscripci\u00f3n 1\u00ba con hoja VA-30854<\/strong><\/p>\n<p><strong>Email de contacto<\/strong>: Para cualquier consulta, el usuario puede ponerse en contacto con <em>CASTRO TRUCK SL<\/em><strong> en la direcci\u00f3n de correo electr\u00f3nico <\/strong>administracion@castrotruck.es<\/p>\n<p><strong><u>DERECHOS DE PROPIEDAD INTELECTUAL E INDUSTRIAL<\/u><\/strong><\/p>\n<p><em>CASTRO TRUCK SL<\/em> es la \u00fanica y <strong>exclusiva titular de los derechos de propiedad intelectual<\/strong> <strong>e industrial<\/strong> sobre las marcas, im\u00e1genes, textos, dise\u00f1os, animaciones, programaci\u00f3n y dise\u00f1o de la p\u00e1gina Web o cualquier otro contenido o elementos del mismo. Asimismo, dispone de <strong>los permisos o licencias<\/strong> necesarias para su utilizaci\u00f3n. Todos los contenidos del sitio web se encuentran debidamente protegidos por la normativa de propiedad intelectual e industrial, as\u00ed como <strong>inscritos en los registros p\u00fablicos<\/strong> correspondientes<\/p>\n<p>El usuario reconoce y acepta que el acceso y\/o descarga de cualquier contenido que encuentre a su disposici\u00f3n a trav\u00e9s de la Web es para <strong>uso personal e intransferible<\/strong>. Cualquier acto de reproducci\u00f3n, distribuci\u00f3n, comunicaci\u00f3n p\u00fablica, puesta a disposici\u00f3n o transformaci\u00f3n, as\u00ed como cualquier otra forma de explotaci\u00f3n de parte o todo el contenido requerir\u00e1 el <strong>consentimiento previo y por escrito <\/strong><em>CASTRO TRUCK SL<\/em><\/p>\n<p>Asimismo, todos los signos distintivos que aparecen en la p\u00e1gina web o son titularidad del <em>CASTRO TRUCK SL<\/em> o cuenta con las correspondientes <strong>licencias<\/strong>, y se encuentran debidamente registrados, quedan prohibidos para su reproducci\u00f3n o distribuci\u00f3n bajo ning\u00fan medio, sin la debida, previa y expresa autorizaci\u00f3n de su titular.<\/p>\n<p>Cualquier uso no autorizado previamente se considera un <strong>incumplimiento grave <\/strong>de los derechos de propiedad intelectual o industrial del autor.<\/p>\n<p>&nbsp;<\/p>\n<p><strong>POLITICA DE PRIVACIDAD Y POL\u00cdTICA DE COOKIES<\/strong><\/p>\n<p>Pincha en los enlaces para ver la <u>Pol\u00edtica de Privacidad<\/u> y la <u>Pol\u00edtica de Cookies<\/u><\/p>\n<p><strong>EXENCI\u00d3N DE RESPONSABILIDADES<\/strong><\/p>\n<p><em>CASTRO TRUCK SL<\/em> ha adoptado las medidas necesarias para asegurar el correcto funcionamiento de su P\u00e1gina Web. No obstante, <em>CASTRO TRUCK SL<\/em><strong> no<\/strong> ser\u00e1 <strong>responsable<\/strong> de la falta de <strong>disponibilidad<\/strong> de la Web en un momento determinado ya sea por causas t\u00e9cnicas, tareas de mantenimiento del sistema, interferencias, interrupciones de los suministradores del servicio de Internet o por cualquier otra causa o fallos que se produjeran en el acceso y funcionamiento de la Web, as\u00ed como el mal funcionamiento o suspensi\u00f3n del portal web por causas ajenas a <em>CASTRO TRUCK SL<\/em><\/p>\n<p><em>CASTRO TRUCK SL<\/em><strong> \u00a0<\/strong>se exime de cualquier responsabilidad por los da\u00f1os y perjuicios de toda naturaleza que puedan deberse a la falta de disponibilidad o de continuidad del funcionamiento de la p\u00e1gina web. Asimismo, <em>CASTRO TRUCK SL<\/em><strong> \u00a0<\/strong>no controla ni garantiza la ausencia de <strong>virus<\/strong> ni otros elementos que puedan producir alteraciones en su sistema inform\u00e1tico o en los documentos y ficheros almacenados en el mismo. <em>CASTRO TRUCK SL<\/em> \u00a0excluye cualquier responsabilidad por los da\u00f1os y perjuicios de toda naturaleza que puedan deberse a la presencia de virus u otros elementos en los contenidos que puedan alterar el sistema inform\u00e1tico o los documentos y ficheros contenidos en \u00e9l.<\/p>\n<p><em>CASTRO TRUCK SL<\/em><strong> \u00a0<\/strong>no se hace responsable de los contenidos ni de la <strong>veracidad<\/strong> o calidad de la <strong>informaci\u00f3n<\/strong> vertida por colaboradores, <strong>clientes<\/strong> o usuarios en sus opiniones, juicios, comentarios o contenidos a trav\u00e9s de cualquiera de los mecanismos puestos a disposici\u00f3n, as\u00ed como en las redes sociales, que infrinjan la normativa vigente y\/o lesione derechos de terceros. La responsabilidad legal corresponde a los colaboradores, clientes o usuarios que realicen dicha infracci\u00f3n.<\/p>\n<p><em>CASTRO TRUCK SL<\/em><strong> \u00a0<\/strong>se exime de cualquier responsabilidad por los da\u00f1os y perjuicios de toda naturaleza que pudieran deberse al acceso a la P\u00e1gina Web por <strong>personas no autorizadas<\/strong> en:<\/p>\n<ul>\n<li><strong>El incumplimiento de la ley, la moral y las buenas costumbre<\/strong>s generalmente aceptadas o el orden p\u00fablico como consecuencia de la transmisi\u00f3n, difusi\u00f3n, almacenamiento, puesta a disposici\u00f3n, recepci\u00f3n, obtenci\u00f3n o acceso a la web y sus contenidos.<\/li>\n<li>La <strong>infracci\u00f3n de los derechos de propiedad intelectual e industrial, secretos empresariales, compromisos contractuale<\/strong>s de cualquier clase<strong>, derechos al honor, intimidad personal y familiar y a la imagen de las personas, de los derechos de propiedad<\/strong> y de toda otra naturaleza pertenecientes a un tercero como consecuencia de la transmisi\u00f3n, difusi\u00f3n, almacenamiento, pueda a disposici\u00f3n, recepci\u00f3n, obtenci\u00f3n o acceso a la Web y sus contenidos.<\/li>\n<li>La realizaci\u00f3n de <strong>actos de competencia desleal y publicidad il\u00edcita<\/strong> como consecuencia de la transmisi\u00f3n difusi\u00f3n, almacenamiento, puesta a disposici\u00f3n, recepci\u00f3n, obtenci\u00f3n o acceso a la Web y sus contenidos<\/li>\n<li><strong>La falta de veracidad<\/strong>, exactitud, exhaustividad, pertinencia y\/o actualidad de la Web y sus contenidos.<\/li>\n<li>El <strong>incumplimiento<\/strong>, <strong>retraso<\/strong> en el cumplimiento<strong>, cumplimiento defectuoso<\/strong> o terminaci\u00f3n por cualquier causa de las obligaciones contra\u00eddas por terceros y <strong>contratos realizados con terceros <\/strong>a trav\u00e9s de o con motivo del acceso a la Web y sus contenidos.<\/li>\n<li>Los <strong>vicios y defectos<\/strong> de toda clase de los <strong>contenidos <\/strong>transmitidos, difundidos, almacenados o de otra forma trasmitidos o puestos a disposici\u00f3n a los que se haya accedido a trav\u00e9s de la Web.<\/li>\n<\/ul>\n<p><strong>LEY APLICABLE Y JURISDICCI\u00d3N<\/strong><\/p>\n<p>Para la resoluci\u00f3n de todas las controversias o cuestiones relacionadas con el presente sitio web o de las actividades en \u00e9l desarrolladas, ser\u00e1 de aplicaci\u00f3n la <strong>legislaci\u00f3n espa\u00f1ola<\/strong>, a la que se someten expresamente las partes, siendo competentes para la resoluci\u00f3n de todos los conflictos derivados o relacionados con su uso los Juzgados y Tribunales m\u00e1s cercanos a Valladolid<\/p>\n<p>&nbsp;<\/p>\n<p>[\/et_pb_text][\/et_pb_column][\/et_pb_row][\/et_pb_section]<\/p>\n","protected":false},"excerpt":{"rendered":"<p>[et_pb_section fb_built=\u00bb1&#8243; _builder_version=\u00bb4.6.0&#8243; _module_preset=\u00bbdefault\u00bb][et_pb_row _builder_version=\u00bb4.6.0&#8243; _module_preset=\u00bbdefault\u00bb custom_padding=\u00bb22px|||||\u00bb custom_margin=\u00bb|auto||420px||\u00bb][et_pb_column type=\u00bb4_4&#8243; _builder_version=\u00bb4.6.0&#8243; _module_preset=\u00bbdefault\u00bb][et_pb_text _builder_version=\u00bb4.6.0&#8243; _module_preset=\u00bbdefault\u00bb] AVISO LEGAL CASTRO TRUCK SL CASTRO TRUCK SL, responsable del sitio web, facilita a los usuarios del presente sitio web (https:\/\/castrotruck.es\/) los siguientes datos de informaci\u00f3n general, de acuerdo con el art\u00edculo 10 de la Ley 34\/2002, de 11 de julio, de [&hellip;]<\/p>\n","protected":false},"author":4,"featured_media":0,"parent":0,"menu_order":0,"comment_status":"closed","ping_status":"closed","template":"","meta":{"_et_pb_use_builder":"on","_et_pb_old_content":"","_et_gb_content_width":""},"_links":{"self":[{"href":"https:\/\/castrotruck.es\/index.php?rest_route=\/wp\/v2\/pages\/979"}],"collection":[{"href":"https:\/\/castrotruck.es\/index.php?rest_route=\/wp\/v2\/pages"}],"about":[{"href":"https:\/\/castrotruck.es\/index.php?rest_route=\/wp\/v2\/types\/page"}],"author":[{"embeddable":true,"href":"https:\/\/castrotruck.es\/index.php?rest_route=\/wp\/v2\/users\/4"}],"replies":[{"embeddable":true,"href":"https:\/\/castrotruck.es\/index.php?rest_route=%2Fwp%2Fv2%2Fcomments&post=979"}],"version-history":[{"count":3,"href":"https:\/\/castrotruck.es\/index.php?rest_route=\/wp\/v2\/pages\/979\/revisions"}],"predecessor-version":[{"id":1017,"href":"https:\/\/castrotruck.es\/index.php?rest_route=\/wp\/v2\/pages\/979\/revisions\/1017"}],"wp:attachment":[{"href":"https:\/\/castrotruck.es\/index.php?rest_route=%2Fwp%2Fv2%2Fmedia&parent=979"}],"curies":[{"name":"wp","href":"https:\/\/api.w.org\/{rel}","templated":true}]}}