{"id":983,"date":"2021-12-09T15:36:59","date_gmt":"2021-12-09T15:36:59","guid":{"rendered":"https:\/\/castrotruck.es\/?page_id=983"},"modified":"2021-12-09T16:09:29","modified_gmt":"2021-12-09T16:09:29","slug":"borrador-automatico","status":"publish","type":"page","link":"https:\/\/castrotruck.es\/?page_id=983","title":{"rendered":"Pol\u00edtica de cookies"},"content":{"rendered":"<p>[et_pb_section fb_built=\u00bb1&#8243; _builder_version=\u00bb4.6.0&#8243; _module_preset=\u00bbdefault\u00bb][et_pb_row _builder_version=\u00bb4.6.0&#8243; _module_preset=\u00bbdefault\u00bb][et_pb_column type=\u00bb4_4&#8243; _builder_version=\u00bb4.6.0&#8243; _module_preset=\u00bbdefault\u00bb][et_pb_text _builder_version=\u00bb4.6.0&#8243; _module_preset=\u00bbdefault\u00bb]<\/p>\n<p><span style=\"font-size: x-large;\">\u00a0<\/span><\/p>\n<p><span style=\"font-size: x-large;\"><strong><u>Tipos de Cookies<\/u><\/strong><\/span><\/p>\n<p>Dentro de las pol\u00edticas de cookies podemos encontrar varias clasificaciones en funci\u00f3n de quien las gestiones, su funcionalidad y el plazo de tiempo que permanecen activadas.<\/p>\n<p>En funci\u00f3n de qui\u00e9n sea la entidad que gestione el dominio y la informaci\u00f3n obtenida se distingue entre <strong>cookies propias<\/strong> y <strong>cookies<\/strong> <strong>de terceros<\/strong>.<\/p>\n<p>La segunda clasificaci\u00f3n depende de la finalidad para la que sean utilizados los datos obtenidos, encontrando los siguientes tipos: <strong>cookies t\u00e9cnicas<\/strong>, <strong>cookies de personalizaci\u00f3n o preferencias<\/strong>, <strong>cookies<\/strong> <strong>de an\u00e1lisis<\/strong> y <strong>cookies de publicidad comportamental<\/strong>.<\/p>\n<p>Finalmente, hay una \u00faltima clasificaci\u00f3n en funci\u00f3n del plazo de tiempo en que estas cookies permanezcan activadas distinguiendo entre <strong>cookies<\/strong> <strong>de sesi\u00f3n<\/strong> y <strong>cookies persistentes<\/strong>.<\/p>\n<p>Para una informaci\u00f3n m\u00e1s detallada a este respecto consulte la <u>Gu\u00eda sobre el uso de las cookies de la AEPD.<\/u><\/p>\n<p><strong><u>Cookies utilizadas en la Web<\/u><\/strong><\/p>\n<p>A continuaci\u00f3n, se identifican la pol\u00edtica de cookies que utiliza esta p\u00e1gina web teniendo en cuenta las diferentes tipolog\u00edas establecidas en el apartado anterior.<\/p>\n<p>En primer lugar, el portal <em>CASTRO TRUCK SL<\/em> utiliza tanto <strong>cookies propias<\/strong> como <strong>cookies de terceros<\/strong>. De esta manera, las cookies gestionadas por terceros se env\u00edan al equipo terminal del usuario desde un dominio que no es gestionado por el editor, sino por otra entidad que trata los datos obtenidos a trav\u00e9s de las cookies. Mientras que las cookies propias se env\u00edan al equipo terminal del usuario desde un dominio gestionado por el propio editor.<\/p>\n<p>En segundo lugar, esta p\u00e1gina web utiliza diversos tipos de cookies seg\u00fan su finalidad.<\/p>\n<p>Esta p\u00e1gina web utiliza <strong>Cookies T\u00e9cnicas<\/strong> que permiten al usuario la navegaci\u00f3n a trav\u00e9s de la plataforma. Estas cookies no necesitan el consentimiento del usuario para ser utilizadas por el prestador del servicio por ser necesarias para un correcto funcionamiento de la p\u00e1gina web.<\/p>\n<p>Adem\u00e1s, la p\u00e1gina web <em>CASTRO TRUCK SL<\/em> utiliza <strong>Cookies de Preferencia<\/strong>, a trav\u00e9s de terceros, para recordar informaci\u00f3n del usuario pudiendo diferenciar su experiencia de la de otros usuarios para mejorar la funcionalidad y personalizaci\u00f3n del servicio<\/p>\n<p>Este portal utiliza <strong>Cookies de An\u00e1lisis<\/strong> a trav\u00e9s de una herramienta de an\u00e1lisis de Google que permite a las plataformas entender y analizar la interacci\u00f3n y navegaci\u00f3n de sus usuarios. Este tercero usa la informaci\u00f3n para obtener estad\u00edsticas del uso del portal web sin identificar personalmente los visitantes.<\/p>\n<p>Adem\u00e1s, la p\u00e1gina web <em>CASTRO TRUCK SL<\/em> utiliza <strong>Cookies Publicitarias<\/strong>. A trav\u00e9s de esta tipolog\u00eda de cookie almacena informaci\u00f3n del comportamiento de los usuarios y sus h\u00e1bitos de navegaci\u00f3n con el objetivo de mostrar publicidad en funci\u00f3n de su perfil.<\/p>\n<p>Finalmente, se ofrecen, seg\u00fan el plazo de tiempo que permanecen activadas, <strong>cookies de sesi\u00f3n <\/strong>y<strong> cookies persistente<\/strong><\/p>\n<p><strong><u>Modificaci\u00f3n de la configuraci\u00f3n de cookies en funci\u00f3n del servidor<\/u><\/strong><\/p>\n<p>Cada usuario puede configurar y rechazar las cookies de la p\u00e1gina web de CONCEJO BODEGAS SL o de cualquier otra p\u00e1gina web a trav\u00e9s de su navegador. En cada navegador el procedimiento es diferente.\u00a0 Podr\u00e1s obtener m\u00e1s informaci\u00f3n al respecto en las siguientes p\u00e1ginas clasificadas seg\u00fan el servidor.<\/p>\n<ul>\n<li>Internet Explorer: <strong><\/strong><span style=\"color: #0c71c3;\"><a href=\"http:\/\/windows.microsoft.com\/es-xl\/internet-explorer\/delete-manage-cookies#ie=ie-10\" style=\"color: #0c71c3;\">microsoft.com\/es-xl\/internet-explorer\/delete-manage-cookies#ie=\u00bbie-10&#8243;<\/a><\/span><\/li>\n<li>FireFox: <span style=\"color: #0c71c3;\"><a href=\"https:\/\/support.mozilla.org\/es\/kb\/Borrar%20cookies\" style=\"color: #0c71c3;\">mozilla.org\/es\/kb\/Borrar%20cookies<\/a><\/span><\/li>\n<li>Chrome<span style=\"color: #0c71c3;\">:<strong><\/strong><a href=\"https:\/\/support.google.com\/chrome\/answer\/95647?hl=es\" style=\"color: #0c71c3;\">google.com\/chrome\/answer\/95647?hl=\u00bbes\u00bb<\/a><\/span><\/li>\n<li>Safari:<span style=\"color: #0c71c3;\"> <a href=\"http:\/\/www.apple.com\/es\/privacy\/use-of-cookies\/\" style=\"color: #0c71c3;\">apple.com\/es\/privacy\/use-of-cookies\/<\/a><\/span><\/li>\n<\/ul>\n<p><strong><u>Cookies de la p\u00e1gina web<\/u><\/strong><\/p>\n<table width=\"692\">\n<tbody>\n<tr>\n<td rowspan=\"2\" width=\"186\">\n<p><strong>Cookie<\/strong><\/p>\n<\/td>\n<td rowspan=\"2\" width=\"166\">\n<p><strong>Tipo seg\u00fan tiempo<\/strong><\/p>\n<\/td>\n<td rowspan=\"2\" width=\"172\">\n<p><strong>Tipo seg\u00fan finalidad<\/strong><\/p>\n<\/td>\n<td rowspan=\"2\" width=\"168\">\n<p><strong>Tipo seg\u00fan quien las gestione<\/strong><\/p>\n<\/td>\n<td width=\"0\"><\/td>\n<\/tr>\n<tr>\n<td width=\"0\"><\/td>\n<\/tr>\n<tr>\n<td width=\"186\">\n<p><strong>CookieConsent<\/strong><\/p>\n<\/td>\n<td width=\"166\">\n<p>Hasta 6 meses<\/p>\n<\/td>\n<td width=\"172\">\n<p>t\u00e9cnica<\/p>\n<\/td>\n<td width=\"168\">\n<p>propia<\/p>\n<\/td>\n<td width=\"0\"><\/td>\n<\/tr>\n<tr>\n<td width=\"186\">\n<p><strong>1p_jar<\/strong><\/p>\n<\/td>\n<td width=\"166\">\n<p>Hasta 1 mes<\/p>\n<\/td>\n<td width=\"172\">\n<p>anal\u00edtica<\/p>\n<\/td>\n<td width=\"168\">\n<p>Terceros(Google.com)<\/p>\n<\/td>\n<td width=\"0\"><\/td>\n<\/tr>\n<tr>\n<td width=\"186\">\n<p><strong>nid<\/strong><\/p>\n<\/td>\n<td width=\"166\">\n<p>Hasta 6 meses<\/p>\n<\/td>\n<td width=\"172\">\n<p>anal\u00edtica<\/p>\n<\/td>\n<td width=\"168\">\n<p>Terceros(Google.com)<\/p>\n<\/td>\n<td width=\"0\"><\/td>\n<\/tr>\n<tr>\n<td width=\"186\">\n<p><strong>consent<\/strong><\/p>\n<\/td>\n<td width=\"166\">\n<p>Permanente<\/p>\n<\/td>\n<td width=\"172\">\n<p>anal\u00edtica<\/p>\n<\/td>\n<td width=\"168\">\n<p>Terceros(Google.com)<\/p>\n<\/td>\n<td width=\"0\"><\/td>\n<\/tr>\n<\/tbody>\n<\/table>\n<p>&nbsp;<\/p>\n<p>Estas cookies se utilizan para recoger informaci\u00f3n sobre el uso de nuestro sitio web por parte de los visitantes. Utilizamos la informaci\u00f3n para elaborar informes y para mejorar el sitio. Estas cookies se asocian \u00fanicamente a un usuario an\u00f3nimo y a su ordenador\/dispositivo sin proporcionar referencias que permitan conocer datos personales. Recogen el n\u00famero de visitantes al sitio, el tiempo que duran las visitas, el navegador, el tipo de terminal, el lugar de procedencia de los visitantes y las p\u00e1ginas visitadas.<\/p>\n<p>[\/et_pb_text][\/et_pb_column][\/et_pb_row][\/et_pb_section]<\/p>\n","protected":false},"excerpt":{"rendered":"<p>[et_pb_section fb_built=\u00bb1&#8243; _builder_version=\u00bb4.6.0&#8243; _module_preset=\u00bbdefault\u00bb][et_pb_row _builder_version=\u00bb4.6.0&#8243; _module_preset=\u00bbdefault\u00bb][et_pb_column type=\u00bb4_4&#8243; _builder_version=\u00bb4.6.0&#8243; _module_preset=\u00bbdefault\u00bb][et_pb_text _builder_version=\u00bb4.6.0&#8243; _module_preset=\u00bbdefault\u00bb] \u00a0 Tipos de Cookies Dentro de las pol\u00edticas de cookies podemos encontrar varias clasificaciones en funci\u00f3n de quien las gestiones, su funcionalidad y el plazo de tiempo que permanecen activadas. En funci\u00f3n de qui\u00e9n sea la entidad que gestione el dominio y la informaci\u00f3n [&hellip;]<\/p>\n","protected":false},"author":4,"featured_media":0,"parent":0,"menu_order":0,"comment_status":"closed","ping_status":"closed","template":"","meta":{"_et_pb_use_builder":"on","_et_pb_old_content":"","_et_gb_content_width":""},"_links":{"self":[{"href":"https:\/\/castrotruck.es\/index.php?rest_route=\/wp\/v2\/pages\/983"}],"collection":[{"href":"https:\/\/castrotruck.es\/index.php?rest_route=\/wp\/v2\/pages"}],"about":[{"href":"https:\/\/castrotruck.es\/index.php?rest_route=\/wp\/v2\/types\/page"}],"author":[{"embeddable":true,"href":"https:\/\/castrotruck.es\/index.php?rest_route=\/wp\/v2\/users\/4"}],"replies":[{"embeddable":true,"href":"https:\/\/castrotruck.es\/index.php?rest_route=%2Fwp%2Fv2%2Fcomments&post=983"}],"version-history":[{"count":4,"href":"https:\/\/castrotruck.es\/index.php?rest_route=\/wp\/v2\/pages\/983\/revisions"}],"predecessor-version":[{"id":990,"href":"https:\/\/castrotruck.es\/index.php?rest_route=\/wp\/v2\/pages\/983\/revisions\/990"}],"wp:attachment":[{"href":"https:\/\/castrotruck.es\/index.php?rest_route=%2Fwp%2Fv2%2Fmedia&parent=983"}],"curies":[{"name":"wp","href":"https:\/\/api.w.org\/{rel}","templated":true}]}}